{"id":358,"date":"2018-06-11T21:44:08","date_gmt":"2018-06-11T18:44:08","guid":{"rendered":"http:\/\/www.arkkihannu.net\/huoneentaulut\/?page_id=358"},"modified":"2018-09-22T20:58:37","modified_gmt":"2018-09-22T17:58:37","slug":"sivuston-esittely","status":"publish","type":"page","link":"https:\/\/www.arkkihannu.net\/huoneentaulut\/sivuston-esittely\/","title":{"rendered":"Sivuston esittely"},"content":{"rendered":"<p style=\"text-align: center; font-size: 30px; font-family: Sans-serif; margin-top: -20px;\">Sivuston esittely<\/p>\n<hr \/>\n<p>P\u00e4ivitt\u00e4isess\u00e4 ty\u00f6ss\u00e4 jaksaminen vaatii voimia, mutta nykyp\u00e4iv\u00e4n\u00e4 tarvitaan fyysisen kunnon sijaan enemm\u00e4nkin vahvaa henkist\u00e4 kanttia. Ty\u00f6ntekoon liittyviss\u00e4 vanhoissa sanonnoissa on usein tuotu osuvasti esiin olennainen, kerrottu miten asiat oikeastaan ovat. Ajatelmista l\u00f6ytyy ohjeistustakin eri tilanteisiin.<\/p>\n<p>Sivuston tekij\u00e4n pitk\u00e4aikainen, vuosikymmenten kokemus toimistotuolin kuluttajana on kartuttanut keinovalikoimaa ty\u00f6ss\u00e4 selviytymiseen. Visualisoitujen taulujen viestit voi ottaa tosissaan tai suhtautua niihin huumorilla. Toivotan antoisia lukuhetki\u00e4 n\u00e4iden huoneentaulujen parissa.<\/p>\n<p>&nbsp;<\/p>\n<p><img loading=\"lazy\" decoding=\"async\" class=\"alignnone wp-image-261 aligncenter\" src=\"http:\/\/www.arkkihannu.net\/huoneentaulut\/wp-content\/uploads\/2018\/06\/omalogo1-150x150.jpg\" alt=\"\" width=\"30\" height=\"30\" srcset=\"https:\/\/www.arkkihannu.net\/huoneentaulut\/wp-content\/uploads\/2018\/06\/omalogo1-150x150.jpg 150w, https:\/\/www.arkkihannu.net\/huoneentaulut\/wp-content\/uploads\/2018\/06\/omalogo1-300x300.jpg 300w, https:\/\/www.arkkihannu.net\/huoneentaulut\/wp-content\/uploads\/2018\/06\/omalogo1-768x768.jpg 768w, https:\/\/www.arkkihannu.net\/huoneentaulut\/wp-content\/uploads\/2018\/06\/omalogo1-1024x1024.jpg 1024w, https:\/\/www.arkkihannu.net\/huoneentaulut\/wp-content\/uploads\/2018\/06\/omalogo1-800x800.jpg 800w, https:\/\/www.arkkihannu.net\/huoneentaulut\/wp-content\/uploads\/2018\/06\/omalogo1.jpg 1512w\" sizes=\"auto, (max-width: 30px) 100vw, 30px\" \/><\/p>\n<p>&nbsp;<\/p>\n<p>&nbsp;<\/p>\n<p>&nbsp;<\/p>\n","protected":false},"excerpt":{"rendered":"<p>Sivuston esittely P\u00e4ivitt\u00e4isess\u00e4 ty\u00f6ss\u00e4 jaksaminen vaatii voimia, mutta nykyp\u00e4iv\u00e4n\u00e4 tarvitaan fyysisen kunnon sijaan enemm\u00e4nkin vahvaa henkist\u00e4 kanttia. Ty\u00f6ntekoon liittyviss\u00e4 vanhoissa sanonnoissa on usein tuotu osuvasti esiin olennainen, kerrottu miten asiat oikeastaan ovat. Ajatelmista l\u00f6ytyy ohjeistustakin eri tilanteisiin. Sivuston tekij\u00e4n pitk\u00e4aikainen, vuosikymmenten kokemus toimistotuolin kuluttajana on kartuttanut keinovalikoimaa ty\u00f6ss\u00e4 selviytymiseen. Visualisoitujen taulujen viestit voi ottaa tosissaan&hellip;<\/p>\n","protected":false},"author":1,"featured_media":0,"parent":0,"menu_order":0,"comment_status":"closed","ping_status":"closed","template":"","meta":{"footnotes":""},"class_list":["post-358","page","type-page","status-publish","hentry"],"_links":{"self":[{"href":"https:\/\/www.arkkihannu.net\/huoneentaulut\/wp-json\/wp\/v2\/pages\/358","targetHints":{"allow":["GET"]}}],"collection":[{"href":"https:\/\/www.arkkihannu.net\/huoneentaulut\/wp-json\/wp\/v2\/pages"}],"about":[{"href":"https:\/\/www.arkkihannu.net\/huoneentaulut\/wp-json\/wp\/v2\/types\/page"}],"author":[{"embeddable":true,"href":"https:\/\/www.arkkihannu.net\/huoneentaulut\/wp-json\/wp\/v2\/users\/1"}],"replies":[{"embeddable":true,"href":"https:\/\/www.arkkihannu.net\/huoneentaulut\/wp-json\/wp\/v2\/comments?post=358"}],"version-history":[{"count":20,"href":"https:\/\/www.arkkihannu.net\/huoneentaulut\/wp-json\/wp\/v2\/pages\/358\/revisions"}],"predecessor-version":[{"id":1306,"href":"https:\/\/www.arkkihannu.net\/huoneentaulut\/wp-json\/wp\/v2\/pages\/358\/revisions\/1306"}],"wp:attachment":[{"href":"https:\/\/www.arkkihannu.net\/huoneentaulut\/wp-json\/wp\/v2\/media?parent=358"}],"curies":[{"name":"wp","href":"https:\/\/api.w.org\/{rel}","templated":true}]}}